{"id":12,"date":"2020-02-08T14:39:33","date_gmt":"2020-02-08T14:39:33","guid":{"rendered":"http:\/\/spendenlachen.de\/?page_id=12"},"modified":"2023-01-27T16:09:10","modified_gmt":"2023-01-27T16:09:10","slug":"lachen-ist-gesund","status":"publish","type":"page","link":"http:\/\/spendenlachen.de\/?page_id=12","title":{"rendered":"Lachen ist gesund"},"content":{"rendered":"\n<p><strong>Lachen\nist gesund<\/strong>, sagt schon der Volksmund\u2026<\/p>\n\n\n\n<p><strong>Lachyoga, was ist das?<\/strong><br>Einfach loslachen, ohne Grund, ohne Witze\u2026<\/p>\n\n\n\n<p><strong>Wie geht das<\/strong>?<br>Pantomimische, verspielte \u00dcbungen, regen zum Lachen an.<br>Der &nbsp;\u201eLachvirus\u201c breitet sich aus. <\/p>\n\n\n\n<p><strong>Was muss man k\u00f6nnen?<\/strong><br>Die Bereitschaft zum Lachen reicht v\u00f6llig aus. <\/p>\n\n\n\n<p><strong>Was bewirkt Lachyoga in uns?&nbsp; <\/strong><br>Man f\u00fchlt sich schnell wohl. Das Gehirn sch\u00fcttet \u201eGl\u00fcckshormone\u201c aus.<\/p>\n\n\n\n<p><strong>Wo kann Lachyoga praktiziert werden?<\/strong><br>In R\u00e4umlichkeiten \u2013 in freier Natur &#8211; \u00fcberall <\/p>\n\n\n\n<p><strong>Wie ist das Lachen in der Gruppe? <\/strong><br>Einfach toll !! &nbsp;Das &nbsp;herzhafte Lachen ist ansteckend. Alle schwingen in dieser positiven Energie. Der K\u00f6rper freut sich. Er wird mit mehr\nSauerstoff aufgeladen und ist vitaler.<\/p>\n\n\n\n<p>An vielen Orten gibt es Lachyoga &#8211; Clubs, siehe Internet .\n<\/p>\n\n\n\n<p><strong>Lachen als soziale Komponente?<\/strong><br>Fr\u00f6hliches Lachen zieht Menschen an, jeder ist gerne in einer positiven Gemeinschaft. Es ist ein Zeichen f\u00fcr Sympathie und f\u00fcr Gemeinsamkeit, also ein soziales \u201eSchmiermittel\u201c.<\/p>\n\n\n\n<p><strong>Was bewirkt Lachyoga in der Berufswelt? <\/strong><br>Arbeitsr\u00e4ume in Firmen bieten ebenfalls M\u00f6glichkeiten, &nbsp;Lachyoga zu praktizieren. <\/p>\n\n\n\n<p><strong>Die positive Wirkung ist\u2026<\/strong><br>&nbsp;&nbsp;&nbsp;&nbsp; der Umgangston wird freundlicher&nbsp;<br>&nbsp;&nbsp; &nbsp; die Kreativit\u00e4t wird erh\u00f6ht <br>&nbsp; &nbsp;&nbsp;&nbsp;der Teamgeist wird gef\u00f6rdert <\/p>\n\n\n\n<p><strong>Kann in der Trauer gelacht werden?<\/strong><br>Trauer ist notwendig, sie muss gelebt werden und braucht Zeit.  <br>Freude in der Trauer zulassen, wirkt heilsam. Es streichelt die Seele und gibt wieder Mut f\u00fcr die Zukunft <\/p>\n\n\n\n<p><strong>Gott hat Dir ein Gesicht gegeben, lachen musst Du selber<\/strong>.&nbsp; <em>Irische Weisheit<\/em><\/p>\n","protected":false},"excerpt":{"rendered":"<p>Lachen ist gesund, sagt schon der Volksmund\u2026 Lachyoga, was ist das?Einfach loslachen, ohne Grund, ohne Witze\u2026 Wie geht das?Pantomimische, verspielte \u00dcbungen, regen zum Lachen an.Der &nbsp;\u201eLachvirus\u201c breitet sich aus. Was muss man k\u00f6nnen?Die Bereitschaft zum Lachen reicht v\u00f6llig aus. Was bewirkt Lachyoga in uns?&nbsp; Man f\u00fchlt sich schnell wohl. Das Gehirn sch\u00fcttet \u201eGl\u00fcckshormone\u201c aus. Wo &hellip; <a href=\"http:\/\/spendenlachen.de\/?page_id=12\" class=\"more-link\"><span class=\"screen-reader-text\">\u201eLachen ist gesund\u201c <\/span>weiterlesen<\/a><\/p>\n","protected":false},"author":1,"featured_media":0,"parent":0,"menu_order":0,"comment_status":"closed","ping_status":"closed","template":"","meta":{"footnotes":""},"class_list":["post-12","page","type-page","status-publish","hentry"],"_links":{"self":[{"href":"http:\/\/spendenlachen.de\/index.php?rest_route=\/wp\/v2\/pages\/12","targetHints":{"allow":["GET"]}}],"collection":[{"href":"http:\/\/spendenlachen.de\/index.php?rest_route=\/wp\/v2\/pages"}],"about":[{"href":"http:\/\/spendenlachen.de\/index.php?rest_route=\/wp\/v2\/types\/page"}],"author":[{"embeddable":true,"href":"http:\/\/spendenlachen.de\/index.php?rest_route=\/wp\/v2\/users\/1"}],"replies":[{"embeddable":true,"href":"http:\/\/spendenlachen.de\/index.php?rest_route=%2Fwp%2Fv2%2Fcomments&post=12"}],"version-history":[{"count":7,"href":"http:\/\/spendenlachen.de\/index.php?rest_route=\/wp\/v2\/pages\/12\/revisions"}],"predecessor-version":[{"id":226,"href":"http:\/\/spendenlachen.de\/index.php?rest_route=\/wp\/v2\/pages\/12\/revisions\/226"}],"wp:attachment":[{"href":"http:\/\/spendenlachen.de\/index.php?rest_route=%2Fwp%2Fv2%2Fmedia&parent=12"}],"curies":[{"name":"wp","href":"https:\/\/api.w.org\/{rel}","templated":true}]}}